{"id":121,"date":"2012-03-07T22:20:39","date_gmt":"2012-03-07T21:20:39","guid":{"rendered":"https:\/\/www.cactus.de\/?page_id=121"},"modified":"2018-12-26T13:25:09","modified_gmt":"2018-12-26T12:25:09","slug":"kundenkreis","status":"publish","type":"page","link":"https:\/\/www.cactus.de\/?page_id=121","title":{"rendered":"Kundenkreis"},"content":{"rendered":"<p>Der \u00f6rtliche Schwerpunkt unserer T\u00e4tigkeit ist das Rhein-Main-Gebiet. Aber auch f\u00fcr Kunden aus Hamburg, Aachen oder Luxemburg waren und sind wir noch t\u00e4tig.<\/p>\n<p>Obwohl Finanzinstitute (und deren IT Dienstleister) einen Schwerpunkt bilden, befinden sich auch Logistik-, Bau- und Luftfahrtunternehmen sowie Beh\u00f6rden unter unseren Kunden.<\/p>\n<p>Das Thema Referenzkunden in unserem Aufgabenfeld ist heikel, da es zumeist um firmenkritische Bereiche geht, deren Sicherheitsvorkehrungen nat\u00fcrlich vertraulich behandelt werden. Um so mehr freut es uns, dass wir die folgenden Firmen als Referenzkunden gewinnen konnten:<\/p>\n<ul>\n<li><strong><a href=\"http:\/\/www.deutsche-bank.de\" target=\"_blank\" rel=\"noopener noreferrer\">Deutsche Bank<\/a><\/strong> Eschborn<\/li>\n<li><a href=\"http:\/\/www.f-i-ts.de\/\" target=\"_blank\" rel=\"noopener noreferrer\"><strong>F<\/strong><strong>inanz Informatik Technologie Service<\/strong> <\/a>M\u00fcnchen &#8211; Frankfurt<\/li>\n<li><a href=\"http:\/\/www.igd.fhg.de\/\" target=\"_blank\" rel=\"noopener noreferrer\"><strong>Fraunhofer Gesellschaft (IGD FHG)<\/strong><\/a> Darmstadt<\/li>\n<li><a href=\"http:\/\/www.hzd.de\/\" target=\"_blank\" rel=\"noopener noreferrer\"><strong>Hessische Zentrale f\u00fcr Datenverarbeitung (HZD)<\/strong><\/a> Wiesbaden<\/li>\n<li><a href=\"http:\/\/www.hp.de\" target=\"_blank\" rel=\"noopener noreferrer\"><strong>Hewlett Packard<\/strong><\/a> Bad Homburg<\/li>\n<li><a href=\"http:\/\/www.lhsystems.com\/\" target=\"_blank\" rel=\"noopener noreferrer\"><strong>Lufthansa Systems<\/strong><\/a> Frankfurt<\/li>\n<li><a href=\"http:\/\/www.mitsubishi.com\/e\/index.html\" target=\"_blank\" rel=\"noopener noreferrer\"><strong>Mitsubishi Corporation<\/strong><\/a> Tokio &#8211; Darmstadt<\/li>\n<li><a href=\"http:\/\/www.ratiodata.de\/\" target=\"_blank\" rel=\"noopener noreferrer\"><strong>Ratiodata GmbH<\/strong><\/a> Frankfurt<\/li>\n<li><a href=\"http:\/\/de.swisscom.ch\/privatkunden\" target=\"_blank\" rel=\"noopener noreferrer\"><strong>Swisscom<\/strong><\/a> Bern<\/li>\n<li><strong><a href=\"http:\/\/www.t-systems.de\/\" target=\"_blank\" rel=\"noopener noreferrer\">T-Systems<\/a><\/strong> Frankfurt<\/li>\n<li><strong><a href=\"http:\/\/www.volkswagen.de\" target=\"_blank\" rel=\"noopener noreferrer\">Volkswagen AG<\/a><\/strong> Wolfsburg<\/li>\n<\/ul>\n","protected":false},"excerpt":{"rendered":"<p>Der \u00f6rtliche Schwerpunkt unserer T\u00e4tigkeit ist das Rhein-Main-Gebiet. Aber auch f\u00fcr Kunden aus Hamburg, Aachen oder Luxemburg waren und sind wir noch t\u00e4tig. Obwohl Finanzinstitute (und deren IT Dienstleister) einen Schwerpunkt bilden, befinden sich auch Logistik-, Bau- und Luftfahrtunternehmen sowie Beh\u00f6rden unter unseren Kunden. Das Thema Referenzkunden in unserem Aufgabenfeld ist heikel, da es zumeist [&hellip;]<\/p>\n","protected":false},"author":5,"featured_media":0,"parent":26,"menu_order":0,"comment_status":"closed","ping_status":"closed","template":"","meta":{"footnotes":""},"aioseo_notices":[],"_links":{"self":[{"href":"https:\/\/www.cactus.de\/index.php?rest_route=\/wp\/v2\/pages\/121"}],"collection":[{"href":"https:\/\/www.cactus.de\/index.php?rest_route=\/wp\/v2\/pages"}],"about":[{"href":"https:\/\/www.cactus.de\/index.php?rest_route=\/wp\/v2\/types\/page"}],"author":[{"embeddable":true,"href":"https:\/\/www.cactus.de\/index.php?rest_route=\/wp\/v2\/users\/5"}],"replies":[{"embeddable":true,"href":"https:\/\/www.cactus.de\/index.php?rest_route=%2Fwp%2Fv2%2Fcomments&post=121"}],"version-history":[{"count":5,"href":"https:\/\/www.cactus.de\/index.php?rest_route=\/wp\/v2\/pages\/121\/revisions"}],"predecessor-version":[{"id":1049,"href":"https:\/\/www.cactus.de\/index.php?rest_route=\/wp\/v2\/pages\/121\/revisions\/1049"}],"up":[{"embeddable":true,"href":"https:\/\/www.cactus.de\/index.php?rest_route=\/wp\/v2\/pages\/26"}],"wp:attachment":[{"href":"https:\/\/www.cactus.de\/index.php?rest_route=%2Fwp%2Fv2%2Fmedia&parent=121"}],"curies":[{"name":"wp","href":"https:\/\/api.w.org\/{rel}","templated":true}]}}