{"id":1278,"date":"2021-09-28T11:40:56","date_gmt":"2021-09-28T09:40:56","guid":{"rendered":"https:\/\/www.cactus.de\/brite\/"},"modified":"2024-04-22T08:38:01","modified_gmt":"2024-04-22T06:38:01","slug":"brite","status":"publish","type":"page","link":"https:\/\/www.cactus.de\/","title":{"rendered":"Cactus eSecurity"},"content":{"rendered":"\n<div class=\"wp-block-cover alignwide has-background-dim\"><img loading=\"lazy\" decoding=\"async\" width=\"1174\" height=\"1099\" class=\"wp-block-cover__image-background wp-image-1550\" alt=\"\" src=\"https:\/\/www.cactus.de\/wp-content\/uploads\/2022\/10\/frontpage-pic.jpg\" data-object-fit=\"cover\" srcset=\"https:\/\/www.cactus.de\/wp-content\/uploads\/2022\/10\/frontpage-pic.jpg 1174w, https:\/\/www.cactus.de\/wp-content\/uploads\/2022\/10\/frontpage-pic-300x281.jpg 300w, https:\/\/www.cactus.de\/wp-content\/uploads\/2022\/10\/frontpage-pic-1024x959.jpg 1024w, https:\/\/www.cactus.de\/wp-content\/uploads\/2022\/10\/frontpage-pic-768x719.jpg 768w\" sizes=\"(max-width: 1174px) 100vw, 1174px\" \/><div class=\"wp-block-cover__inner-container is-layout-flow wp-block-cover-is-layout-flow\">\n<h3 class=\"wp-block-heading\">mit Sicherheit besser beraten<\/h3>\n<\/div><\/div>\n\n\n\n<p class=\"has-text-align-center has-large-font-size\">pr\u00e4sentiert<\/p>\n\n\n\n<div class=\"wp-block-button aligncenter\"><a class=\"wp-block-button__link\" href=\"https:\/\/fwo.cactus.de\">Firewall Orchestrator<\/a><\/div>\n\n\n\n<p><\/p>\n\n\n\n<div class=\"wp-block-columns is-layout-flex wp-container-core-columns-layout-1 wp-block-columns-is-layout-flex\">\n<div class=\"wp-block-column is-vertically-aligned-center is-layout-flow wp-block-column-is-layout-flow\">\n<p class=\"has-text-align-center\">Network Security Policy <br>\nManagement<\/p>\n\n\n\n<p>Eine&nbsp;einfache L\u00f6sung im \u00fcbersichtlichen, modernen Design erm\u00f6glicht unter anderem die Erstellung von Reports zur aktuellen Konfiguration oder zu \u00c4nderungen in den letzten Tagen.<\/p>\n<\/div>\n\n\n\n<div class=\"wp-block-column is-layout-flow wp-block-column-is-layout-flow\">\n<p class=\"has-text-align-center\"><br>Rezertifizierung<br><br><\/p>\n\n\n\n<p>Out-of-the-Box Rezertifizierung Ihrer Firewall-Regeln &#8211; behalten Sie den \u00dcberblick \u00fcber Ihr Regelwerk und erf\u00fcllen gleichzeitig die Auflagen von KRITIS und Co.<\/p>\n<\/div>\n\n\n\n<div class=\"wp-block-column is-layout-flow wp-block-column-is-layout-flow\">\n<p class=\"has-text-align-center\"><br>Automatisierung<br><br><\/p>\n\n\n\n<p><\/p>\n\n\n\n<p>Lesen Sie&nbsp;Ihre Firewall-Konfigurationen via REST API ein&nbsp;und erhalten Sie Zugriff \u00fcber die Firewall Orchestrator GraphQL API auf Ihre Konfigurationsdaten.<\/p>\n<\/div>\n<\/div>\n","protected":false},"excerpt":{"rendered":"<p>pr\u00e4sentiert Network Security Policy Management Eine&nbsp;einfache L\u00f6sung im \u00fcbersichtlichen, modernen Design erm\u00f6glicht unter anderem die Erstellung von Reports zur aktuellen Konfiguration oder zu \u00c4nderungen in den letzten Tagen. Rezertifizierung Out-of-the-Box Rezertifizierung Ihrer Firewall-Regeln &#8211; behalten Sie den \u00dcberblick \u00fcber Ihr Regelwerk und erf\u00fcllen gleichzeitig die Auflagen von KRITIS und Co. Automatisierung Lesen Sie&nbsp;Ihre Firewall-Konfigurationen via [&hellip;]<\/p>\n","protected":false},"author":1,"featured_media":0,"parent":0,"menu_order":0,"comment_status":"closed","ping_status":"closed","template":"","meta":{"footnotes":""},"aioseo_notices":[],"_links":{"self":[{"href":"https:\/\/www.cactus.de\/index.php?rest_route=\/wp\/v2\/pages\/1278"}],"collection":[{"href":"https:\/\/www.cactus.de\/index.php?rest_route=\/wp\/v2\/pages"}],"about":[{"href":"https:\/\/www.cactus.de\/index.php?rest_route=\/wp\/v2\/types\/page"}],"author":[{"embeddable":true,"href":"https:\/\/www.cactus.de\/index.php?rest_route=\/wp\/v2\/users\/1"}],"replies":[{"embeddable":true,"href":"https:\/\/www.cactus.de\/index.php?rest_route=%2Fwp%2Fv2%2Fcomments&post=1278"}],"version-history":[{"count":41,"href":"https:\/\/www.cactus.de\/index.php?rest_route=\/wp\/v2\/pages\/1278\/revisions"}],"predecessor-version":[{"id":1650,"href":"https:\/\/www.cactus.de\/index.php?rest_route=\/wp\/v2\/pages\/1278\/revisions\/1650"}],"wp:attachment":[{"href":"https:\/\/www.cactus.de\/index.php?rest_route=%2Fwp%2Fv2%2Fmedia&parent=1278"}],"curies":[{"name":"wp","href":"https:\/\/api.w.org\/{rel}","templated":true}]}}