{"id":26,"date":"2012-01-13T16:03:55","date_gmt":"2012-01-13T16:03:55","guid":{"rendered":"https:\/\/www.cactus.de\/?page_id=26"},"modified":"2026-01-14T15:11:26","modified_gmt":"2026-01-14T14:11:26","slug":"firmenprofil","status":"publish","type":"page","link":"https:\/\/www.cactus.de\/?page_id=26","title":{"rendered":"\u00dcber Cactus"},"content":{"rendered":"<div class=\"style-222 style-local-26-c6 position-relative\" data-colibri-id=\"26-c6\">\n<div id=\"about\" class=\"h-section h-section-global-spacing d-flex align-items-lg-center align-items-md-center align-items-center style-231 style-local-26-c14 position-relative\" data-colibri-component=\"section\" data-colibri-id=\"26-c14\">\n<div class=\"h-section-grid-container h-section-boxed-container\">\n<div class=\"h-row-container gutters-row-lg-2 gutters-row-md-2 gutters-row-2 gutters-row-v-lg-2 gutters-row-v-md-2 gutters-row-v-2 style-232 style-local-26-c15 position-relative\" data-colibri-id=\"26-c15\">\n<div class=\"h-row justify-content-lg-center justify-content-md-center justify-content-center align-items-lg-stretch align-items-md-stretch align-items-stretch gutters-col-lg-2 gutters-col-md-2 gutters-col-2 gutters-col-v-lg-2 gutters-col-v-md-2 gutters-col-v-2\">\n<div class=\"h-column h-column-container d-flex h-col-lg-auto h-col-md-auto h-col-auto style-233-outer style-local-26-c16-outer\">\n<div class=\"d-flex h-flex-basis h-column__inner h-px-lg-2 h-px-md-2 h-px-2 v-inner-lg-2 v-inner-md-2 v-inner-2 style-233 style-local-26-c16 position-relative\" data-colibri-id=\"26-c16\">\n<div class=\"w-100 h-y-container h-column__content h-column__v-align flex-basis-100 align-self-lg-center align-self-md-center align-self-center\">\n<div class=\"h-global-transition-all h-heading style-235 style-local-26-c18 position-relative h-element\" data-colibri-id=\"26-c18\">\n<div class=\"h-heading__outer style-235 style-local-26-c18\">\n<h2 class=\"\">CACTUS eSecurity GmbH<\/h2>\n<\/div>\n<\/div>\n<div class=\"h-lead h-text h-text-component style-236 style-local-26-c19 position-relative h-element\" data-colibri-id=\"26-c19\">\n<div class=\"\">\n<p>wurde 1999 in Frankfurt am Main gegr\u00fcndet, die Mitarbeiter sind gr\u00f6\u00dftenteils seit mehr als f\u00fcnfzehn Jahren in den Bereichen\u00a0<strong>IT-Sicherheit<\/strong>\u00a0und\u00a0<strong>Netzwerktechnik<\/strong>\u00a0aktiv. Schon sehr fr\u00fchzeitig<br \/>\nhaben wir unter anderem die ersten Firewall-Versionen des heutigen Marktf\u00fchrers<strong>\u00a0Check Point<\/strong>\u00a0in Deutschland installiert. Neben dem eigentlichen \u201cDoing\u201d, der\u00a0<strong>Installation und Konfiguration<\/strong>\u00a0r\u00fcckten<br \/>\nschnell\u00a0<strong>Beratung und Planung<\/strong>\u00a0in den Vordergrund unserer T\u00e4tigkeit. Denn was n\u00fctzt das teuerste Sicherheitssystem, wenn es falsch konfiguriert oder gar v\u00f6llig fehl am Platz ist. Aus diese Erfahrung heraus<br \/>\nergibt sich auch unser Vorgehen bei Sicherheitsprojekten.Wir bem\u00fchen uns, eine ausgewogene Mischung aus\u00a0<strong>Technik-Orientierung<\/strong>\u00a0und\u00a0<strong>konzeptioneller T\u00e4tigkeit<\/strong>\u00a0in unseren Projekten<br \/>\neinzubringen, um sowohl die neuesten technischen Entwicklungen als auch die Erfahrung jahrelanger Konzeptarbeit in der Beratung unserer Kunden einflie\u00dfen lassen zu k\u00f6nnen.<\/p>\n<p>Firmensitz ist Frankfurt am Main, seit 2000 verf\u00fcgen wir \u00fcber eine Zweigstelle in Darmstadt. Unser Team steht Ihnen insbesondere im Rhein-Main-Gebiet aber auch \u00fcberregional zeitnah und flexibel zur Verf\u00fcgung.Wir hoffen, Sie bald in<br \/>\nunserem Kundenkreis begr\u00fc\u00dfen zu d\u00fcrfen. Sollten Sie Interesse an unserem Unternehmen gefunden haben, w\u00fcrden wir uns \u00fcber eine Kontaktaufnahme via Telefon oder eMail freuen. Wir sind stets auf der Suche nach vielseitig interessierten<br \/>\nLeuten mit Vorkenntnissen im Netzwerk- und\/oder Sicherheitsbereich. Auf unserem Webserver finden Sie unter anderem eine Liste von Sicherheitsprodukten, bei deren Einsatz wir Sie gerne beraten sowie eine Liste mit einigen Projekten.<\/p>\n<\/div>\n<\/div>\n<\/div>\n<\/div>\n<\/div>\n<div class=\"h-column h-column-container d-flex h-col-lg-auto h-col-md-auto h-col-auto style-239-outer style-local-26-c22-outer\">\n<div class=\"d-flex h-flex-basis h-column__inner h-px-lg-2 h-px-md-2 h-px-2 v-inner-lg-2 v-inner-md-2 v-inner-2 style-239 style-local-26-c22 position-relative\" data-colibri-id=\"26-c22\">\n<div class=\"w-100 h-y-container h-column__content h-column__v-align flex-basis-100 align-self-lg-center align-self-md-center align-self-center\">\n<div class=\"d-block style-240 style-local-26-c23 position-relative h-element\" data-colibri-id=\"26-c23\">\n<div class=\"h-image__frame-container-outer\">\n<div class=\"h-image__frame-container\">\n<div class=\"h-image__frame h-hide-sm style-240-frameImage style-local-26-c23-frameImage\"><img loading=\"lazy\" decoding=\"async\" class=\"size-large wp-image-1701 aligncenter\" src=\"https:\/\/www.cactus.de\/wp-content\/uploads\/2026\/01\/group-5-11n-1-1024x683.jpg\" alt=\"\" width=\"580\" height=\"387\" srcset=\"https:\/\/www.cactus.de\/wp-content\/uploads\/2026\/01\/group-5-11n-1-1024x683.jpg 1024w, https:\/\/www.cactus.de\/wp-content\/uploads\/2026\/01\/group-5-11n-1-300x200.jpg 300w, https:\/\/www.cactus.de\/wp-content\/uploads\/2026\/01\/group-5-11n-1-768x512.jpg 768w, https:\/\/www.cactus.de\/wp-content\/uploads\/2026\/01\/group-5-11n-1-1536x1024.jpg 1536w, https:\/\/www.cactus.de\/wp-content\/uploads\/2026\/01\/group-5-11n-1-1200x800.jpg 1200w, https:\/\/www.cactus.de\/wp-content\/uploads\/2026\/01\/group-5-11n-1-1980x1320.jpg 1980w, https:\/\/www.cactus.de\/wp-content\/uploads\/2026\/01\/group-5-11n-1.jpg 2048w\" sizes=\"(max-width: 580px) 100vw, 580px\" \/><\/div>\n<\/div>\n<\/div>\n<\/div>\n<\/div>\n<\/div>\n<\/div>\n<\/div>\n<\/div>\n<\/div>\n<\/div>\n<\/div>\n","protected":false},"excerpt":{"rendered":"<p>CACTUS eSecurity GmbH wurde 1999 in Frankfurt am Main gegr\u00fcndet, die Mitarbeiter sind gr\u00f6\u00dftenteils seit mehr als f\u00fcnfzehn Jahren in den Bereichen\u00a0IT-Sicherheit\u00a0und\u00a0Netzwerktechnik\u00a0aktiv. Schon sehr fr\u00fchzeitig haben wir unter anderem die ersten Firewall-Versionen des heutigen Marktf\u00fchrers\u00a0Check Point\u00a0in Deutschland installiert. Neben dem eigentlichen \u201cDoing\u201d, der\u00a0Installation und Konfiguration\u00a0r\u00fcckten schnell\u00a0Beratung und Planung\u00a0in den Vordergrund unserer T\u00e4tigkeit. Denn was n\u00fctzt [&hellip;]<\/p>\n","protected":false},"author":5,"featured_media":0,"parent":0,"menu_order":0,"comment_status":"closed","ping_status":"closed","template":"","meta":{"footnotes":""},"aioseo_notices":[],"_links":{"self":[{"href":"https:\/\/www.cactus.de\/index.php?rest_route=\/wp\/v2\/pages\/26"}],"collection":[{"href":"https:\/\/www.cactus.de\/index.php?rest_route=\/wp\/v2\/pages"}],"about":[{"href":"https:\/\/www.cactus.de\/index.php?rest_route=\/wp\/v2\/types\/page"}],"author":[{"embeddable":true,"href":"https:\/\/www.cactus.de\/index.php?rest_route=\/wp\/v2\/users\/5"}],"replies":[{"embeddable":true,"href":"https:\/\/www.cactus.de\/index.php?rest_route=%2Fwp%2Fv2%2Fcomments&post=26"}],"version-history":[{"count":12,"href":"https:\/\/www.cactus.de\/index.php?rest_route=\/wp\/v2\/pages\/26\/revisions"}],"predecessor-version":[{"id":1704,"href":"https:\/\/www.cactus.de\/index.php?rest_route=\/wp\/v2\/pages\/26\/revisions\/1704"}],"wp:attachment":[{"href":"https:\/\/www.cactus.de\/index.php?rest_route=%2Fwp%2Fv2%2Fmedia&parent=26"}],"curies":[{"name":"wp","href":"https:\/\/api.w.org\/{rel}","templated":true}]}}