{"id":30,"date":"2012-01-13T16:15:08","date_gmt":"2012-01-13T16:15:08","guid":{"rendered":"https:\/\/www.cactus.de\/?page_id=30"},"modified":"2024-04-05T01:23:09","modified_gmt":"2024-04-04T23:23:09","slug":"leistungen","status":"publish","type":"page","link":"https:\/\/www.cactus.de\/?page_id=30","title":{"rendered":"Leistungen"},"content":{"rendered":"\n<pre class=\"wp-block-code\"><code><div>\n<h3>Cactus eSecurity unterst\u00fctzt Sie w\u00e4hrend des gesamten IT Sicherheits Lifecycles:<\/h3>\n<p>Von der \u00dcberpr\u00fcfung Ihrer Sicherheitsma\u00dfnamen, zur Konzeption \u00fcber die Implementierung hin zur Wartung und Betriebsf\u00fchrung.<\/p>\n<\/div><\/code><\/pre>\n","protected":false},"excerpt":{"rendered":"","protected":false},"author":5,"featured_media":0,"parent":0,"menu_order":0,"comment_status":"closed","ping_status":"closed","template":"","meta":{"footnotes":""},"aioseo_notices":[],"_links":{"self":[{"href":"https:\/\/www.cactus.de\/index.php?rest_route=\/wp\/v2\/pages\/30"}],"collection":[{"href":"https:\/\/www.cactus.de\/index.php?rest_route=\/wp\/v2\/pages"}],"about":[{"href":"https:\/\/www.cactus.de\/index.php?rest_route=\/wp\/v2\/types\/page"}],"author":[{"embeddable":true,"href":"https:\/\/www.cactus.de\/index.php?rest_route=\/wp\/v2\/users\/5"}],"replies":[{"embeddable":true,"href":"https:\/\/www.cactus.de\/index.php?rest_route=%2Fwp%2Fv2%2Fcomments&post=30"}],"version-history":[{"count":2,"href":"https:\/\/www.cactus.de\/index.php?rest_route=\/wp\/v2\/pages\/30\/revisions"}],"predecessor-version":[{"id":1645,"href":"https:\/\/www.cactus.de\/index.php?rest_route=\/wp\/v2\/pages\/30\/revisions\/1645"}],"wp:attachment":[{"href":"https:\/\/www.cactus.de\/index.php?rest_route=%2Fwp%2Fv2%2Fmedia&parent=30"}],"curies":[{"name":"wp","href":"https:\/\/api.w.org\/{rel}","templated":true}]}}