{"id":37,"date":"2012-01-13T17:23:21","date_gmt":"2012-01-13T16:23:21","guid":{"rendered":"https:\/\/www.cactus.de\/?page_id=37"},"modified":"2018-12-26T13:06:28","modified_gmt":"2018-12-26T12:06:28","slug":"sicherheitskonzeption","status":"publish","type":"page","link":"https:\/\/www.cactus.de\/?page_id=37","title":{"rendered":"Sicherheitskonzeption"},"content":{"rendered":"<p>Die Grundvoraussetzung f\u00fcr die erfolgreiche Durchf\u00fchrung von Projekten ist eine vollst\u00e4ndige Betrachtung des zu l\u00f6senden Problems.<\/p>\n<p>Hierzu wird bei Projekten von Cactus eSecurity der Schwerpunkt auf die Projektphasen gelegt, die zu einer ma\u00dfgeschneiderten Sicherheitskonzeption f\u00fchren:<\/p>\n<ul>\n<li>Istaufnahme (Technik, Organisation)<\/li>\n<li>Risiskoanalyse<\/li>\n<li>Sollkonzeption<\/li>\n<li>Security Policy<\/li>\n<li>Betriebskonzeption Netzwerksicherheit<\/li>\n<li>Betriebshandbuch Netzwerksicherheit<\/li>\n<li>Erstellung von Notfallpl\u00e4nen<\/li>\n<\/ul>\n<p>Eine Umsetzung dieser Konzeption gew\u00e4hrleistet einen optimalen Schutz Ihrer IT-Landschaft.<\/p>\n","protected":false},"excerpt":{"rendered":"<p>Die Grundvoraussetzung f\u00fcr die erfolgreiche Durchf\u00fchrung von Projekten ist eine vollst\u00e4ndige Betrachtung des zu l\u00f6senden Problems. Hierzu wird bei Projekten von Cactus eSecurity der Schwerpunkt auf die Projektphasen gelegt, die zu einer ma\u00dfgeschneiderten Sicherheitskonzeption f\u00fchren: Istaufnahme (Technik, Organisation) Risiskoanalyse Sollkonzeption Security Policy Betriebskonzeption Netzwerksicherheit Betriebshandbuch Netzwerksicherheit Erstellung von Notfallpl\u00e4nen Eine Umsetzung dieser Konzeption gew\u00e4hrleistet einen [&hellip;]<\/p>\n","protected":false},"author":5,"featured_media":0,"parent":30,"menu_order":0,"comment_status":"closed","ping_status":"closed","template":"","meta":{"footnotes":""},"aioseo_notices":[],"_links":{"self":[{"href":"https:\/\/www.cactus.de\/index.php?rest_route=\/wp\/v2\/pages\/37"}],"collection":[{"href":"https:\/\/www.cactus.de\/index.php?rest_route=\/wp\/v2\/pages"}],"about":[{"href":"https:\/\/www.cactus.de\/index.php?rest_route=\/wp\/v2\/types\/page"}],"author":[{"embeddable":true,"href":"https:\/\/www.cactus.de\/index.php?rest_route=\/wp\/v2\/users\/5"}],"replies":[{"embeddable":true,"href":"https:\/\/www.cactus.de\/index.php?rest_route=%2Fwp%2Fv2%2Fcomments&post=37"}],"version-history":[{"count":1,"href":"https:\/\/www.cactus.de\/index.php?rest_route=\/wp\/v2\/pages\/37\/revisions"}],"predecessor-version":[{"id":1035,"href":"https:\/\/www.cactus.de\/index.php?rest_route=\/wp\/v2\/pages\/37\/revisions\/1035"}],"up":[{"embeddable":true,"href":"https:\/\/www.cactus.de\/index.php?rest_route=\/wp\/v2\/pages\/30"}],"wp:attachment":[{"href":"https:\/\/www.cactus.de\/index.php?rest_route=%2Fwp%2Fv2%2Fmedia&parent=37"}],"curies":[{"name":"wp","href":"https:\/\/api.w.org\/{rel}","templated":true}]}}