{"id":42,"date":"2012-01-13T17:24:13","date_gmt":"2012-01-13T16:24:13","guid":{"rendered":"https:\/\/www.cactus.de\/?page_id=42"},"modified":"2021-04-14T18:20:47","modified_gmt":"2021-04-14T16:20:47","slug":"implementierung","status":"publish","type":"page","link":"https:\/\/www.cactus.de\/?page_id=42","title":{"rendered":"Implementierung"},"content":{"rendered":"<p>Auch wenn unsere Sicherheitskonzeptionen so aufgebaut sind, dass der Kunde die Implementation selbst durchf\u00fchren kann, so unterst\u00fctzen wir nat\u00fcrlich gerne beim Aufbau der geplanten Sicherheitsl\u00f6sung. Dabei haben wir in der Vergangenheit unter anderem folgende L\u00f6sungen f\u00fcr unsere Kunden realisiert:<\/p>\n<ul>\n<li>Firewalling<\/li>\n<li>Monitoring der Sicherheitsinfrastruktur<\/li>\n<li>Aufbau von VPN-L\u00f6sungen (IPSec- und SSL-basiert)<\/li>\n<li>Implementation von anderen Verschl\u00fcsselungsl\u00f6sungen (HD-Encryption, etc.)<\/li>\n<li>Starke Authentisierung<\/li>\n<li>Hardening (&#8222;H\u00e4rten&#8220;) von Systemen<\/li>\n<li>Intrusion Detection &amp; Prevention (IPS)<\/li>\n<li>Sichere WLAN-Infrastruktur<\/li>\n<li>PKI<\/li>\n<\/ul>\n","protected":false},"excerpt":{"rendered":"<p>Auch wenn unsere Sicherheitskonzeptionen so aufgebaut sind, dass der Kunde die Implementation selbst durchf\u00fchren kann, so unterst\u00fctzen wir nat\u00fcrlich gerne beim Aufbau der geplanten Sicherheitsl\u00f6sung. Dabei haben wir in der Vergangenheit unter anderem folgende L\u00f6sungen f\u00fcr unsere Kunden realisiert: Firewalling Monitoring der Sicherheitsinfrastruktur Aufbau von VPN-L\u00f6sungen (IPSec- und SSL-basiert) Implementation von anderen Verschl\u00fcsselungsl\u00f6sungen (HD-Encryption, etc.) [&hellip;]<\/p>\n","protected":false},"author":5,"featured_media":0,"parent":30,"menu_order":0,"comment_status":"closed","ping_status":"closed","template":"","meta":{"footnotes":""},"aioseo_notices":[],"_links":{"self":[{"href":"https:\/\/www.cactus.de\/index.php?rest_route=\/wp\/v2\/pages\/42"}],"collection":[{"href":"https:\/\/www.cactus.de\/index.php?rest_route=\/wp\/v2\/pages"}],"about":[{"href":"https:\/\/www.cactus.de\/index.php?rest_route=\/wp\/v2\/types\/page"}],"author":[{"embeddable":true,"href":"https:\/\/www.cactus.de\/index.php?rest_route=\/wp\/v2\/users\/5"}],"replies":[{"embeddable":true,"href":"https:\/\/www.cactus.de\/index.php?rest_route=%2Fwp%2Fv2%2Fcomments&post=42"}],"version-history":[{"count":2,"href":"https:\/\/www.cactus.de\/index.php?rest_route=\/wp\/v2\/pages\/42\/revisions"}],"predecessor-version":[{"id":1227,"href":"https:\/\/www.cactus.de\/index.php?rest_route=\/wp\/v2\/pages\/42\/revisions\/1227"}],"up":[{"embeddable":true,"href":"https:\/\/www.cactus.de\/index.php?rest_route=\/wp\/v2\/pages\/30"}],"wp:attachment":[{"href":"https:\/\/www.cactus.de\/index.php?rest_route=%2Fwp%2Fv2%2Fmedia&parent=42"}],"curies":[{"name":"wp","href":"https:\/\/api.w.org\/{rel}","templated":true}]}}