{"id":506,"date":"2012-03-20T13:31:55","date_gmt":"2012-03-20T12:31:55","guid":{"rendered":"http:\/\/cactus.de\/"},"modified":"2018-12-26T13:12:45","modified_gmt":"2018-12-26T12:12:45","slug":"produkte","status":"publish","type":"page","link":"https:\/\/www.cactus.de\/?page_id=506","title":{"rendered":"Produkte"},"content":{"rendered":"<p>Wir helfen Ihnen bei der Planung, Implementierung und Betriebsf\u00fchrung Ihrer IT-Sicherheitsinfrastruktur. Unsere Berater kennen sich unter anderem mit den folgenden Sicherheitsprodukten aus und k\u00f6nnen Ihnen daher in verschiedensten Bereichen der IT-Sicherheit mit Rat und Tat zur Seite stehen. Auch die Auswahl des f\u00fcr Ihre Bed\u00fcrfnisse passenden Produkts ist Teil unseres Beratungsportfolios.<\/p>\n<p>Wir helfen Ihnen bei der Produktauswahl in folgenden\u00a0 Bereichen:<\/p>\n<ul>\n<li><a href=\"https:\/\/cactus.de\/produkte\/produkte-firewalls\/\"><strong>Firewall-Systeme<\/strong><\/a><\/li>\n<li><a href=\"https:\/\/cactus.de\/produkte\/produkte-vpn\/\"><strong>VPN-L\u00f6sungen<\/strong><\/a><\/li>\n<li><a href=\"https:\/\/cactus.de\/produkte\/produkte-content-filter\/\"><strong>Content Filter<\/strong><\/a><\/li>\n<li><strong><a href=\"https:\/\/cactus.de\/produkte\/produkte-compliance\/\">IT Security Compliance L\u00f6sungen<\/a><\/strong><\/li>\n<li><strong><a href=\"https:\/\/www.cactus.de\/?page_id=252\">Privileged Identity und Access-Management<\/a><\/strong><\/li>\n<li><a href=\"https:\/\/www.cactus.de\/network-vulnerability-scanner\/\"><strong>Vulnerability Scanner<\/strong><\/a><\/li>\n<\/ul>\n","protected":false},"excerpt":{"rendered":"<p>Wir helfen Ihnen bei der Planung, Implementierung und Betriebsf\u00fchrung Ihrer IT-Sicherheitsinfrastruktur. Unsere Berater kennen sich unter anderem mit den folgenden Sicherheitsprodukten aus und k\u00f6nnen Ihnen daher in verschiedensten Bereichen der IT-Sicherheit mit Rat und Tat zur Seite stehen. Auch die Auswahl des f\u00fcr Ihre Bed\u00fcrfnisse passenden Produkts ist Teil unseres Beratungsportfolios. Wir helfen Ihnen bei [&hellip;]<\/p>\n","protected":false},"author":5,"featured_media":0,"parent":0,"menu_order":0,"comment_status":"closed","ping_status":"closed","template":"","meta":{"footnotes":""},"aioseo_notices":[],"_links":{"self":[{"href":"https:\/\/www.cactus.de\/index.php?rest_route=\/wp\/v2\/pages\/506"}],"collection":[{"href":"https:\/\/www.cactus.de\/index.php?rest_route=\/wp\/v2\/pages"}],"about":[{"href":"https:\/\/www.cactus.de\/index.php?rest_route=\/wp\/v2\/types\/page"}],"author":[{"embeddable":true,"href":"https:\/\/www.cactus.de\/index.php?rest_route=\/wp\/v2\/users\/5"}],"replies":[{"embeddable":true,"href":"https:\/\/www.cactus.de\/index.php?rest_route=%2Fwp%2Fv2%2Fcomments&post=506"}],"version-history":[{"count":6,"href":"https:\/\/www.cactus.de\/index.php?rest_route=\/wp\/v2\/pages\/506\/revisions"}],"predecessor-version":[{"id":1045,"href":"https:\/\/www.cactus.de\/index.php?rest_route=\/wp\/v2\/pages\/506\/revisions\/1045"}],"wp:attachment":[{"href":"https:\/\/www.cactus.de\/index.php?rest_route=%2Fwp%2Fv2%2Fmedia&parent=506"}],"curies":[{"name":"wp","href":"https:\/\/api.w.org\/{rel}","templated":true}]}}