{"id":84,"date":"2012-03-07T21:45:20","date_gmt":"2012-03-07T20:45:20","guid":{"rendered":"https:\/\/www.cactus.de\/?page_id=84"},"modified":"2018-12-26T12:57:37","modified_gmt":"2018-12-26T11:57:37","slug":"betriebsfuhrung-und-wartung","status":"publish","type":"page","link":"https:\/\/www.cactus.de\/?page_id=84","title":{"rendered":"Betriebsf\u00fchrung und Wartung"},"content":{"rendered":"<p>Auch wenn Ihre Sicherheitsinfrastruktur aufgebaut ist, unterst\u00fctzen wir Sie beim Betrieb Ihrer Systeme. Wir bieten neben dem t\u00e4glichen Betrieb Ihrer Sicherheitsinfrastruktur vor Ort auch g\u00fcnstige Fernwartungsm\u00f6glichkeiten sowie Monitoring rund um die Uhr (24 x 7).<\/p>\n<p>Hier die m\u00f6glichen Dienstleistungen in der \u00dcbersicht:<\/p>\n<ul>\n<li>Betrieb der Sicherheitssysteme vor Ort<\/li>\n<li>Fernwartung<\/li>\n<li>24 x 7 \u00dcberwachung<\/li>\n<\/ul>\n","protected":false},"excerpt":{"rendered":"<p>Auch wenn Ihre Sicherheitsinfrastruktur aufgebaut ist, unterst\u00fctzen wir Sie beim Betrieb Ihrer Systeme. Wir bieten neben dem t\u00e4glichen Betrieb Ihrer Sicherheitsinfrastruktur vor Ort auch g\u00fcnstige Fernwartungsm\u00f6glichkeiten sowie Monitoring rund um die Uhr (24 x 7). Hier die m\u00f6glichen Dienstleistungen in der \u00dcbersicht: Betrieb der Sicherheitssysteme vor Ort Fernwartung 24 x 7 \u00dcberwachung<\/p>\n","protected":false},"author":5,"featured_media":0,"parent":30,"menu_order":0,"comment_status":"closed","ping_status":"closed","template":"","meta":{"footnotes":""},"aioseo_notices":[],"_links":{"self":[{"href":"https:\/\/www.cactus.de\/index.php?rest_route=\/wp\/v2\/pages\/84"}],"collection":[{"href":"https:\/\/www.cactus.de\/index.php?rest_route=\/wp\/v2\/pages"}],"about":[{"href":"https:\/\/www.cactus.de\/index.php?rest_route=\/wp\/v2\/types\/page"}],"author":[{"embeddable":true,"href":"https:\/\/www.cactus.de\/index.php?rest_route=\/wp\/v2\/users\/5"}],"replies":[{"embeddable":true,"href":"https:\/\/www.cactus.de\/index.php?rest_route=%2Fwp%2Fv2%2Fcomments&post=84"}],"version-history":[{"count":1,"href":"https:\/\/www.cactus.de\/index.php?rest_route=\/wp\/v2\/pages\/84\/revisions"}],"predecessor-version":[{"id":1031,"href":"https:\/\/www.cactus.de\/index.php?rest_route=\/wp\/v2\/pages\/84\/revisions\/1031"}],"up":[{"embeddable":true,"href":"https:\/\/www.cactus.de\/index.php?rest_route=\/wp\/v2\/pages\/30"}],"wp:attachment":[{"href":"https:\/\/www.cactus.de\/index.php?rest_route=%2Fwp%2Fv2%2Fmedia&parent=84"}],"curies":[{"name":"wp","href":"https:\/\/api.w.org\/{rel}","templated":true}]}}