{"id":930,"date":"2016-10-22T10:33:11","date_gmt":"2016-10-22T08:33:11","guid":{"rendered":"https:\/\/www.cactus.de\/?page_id=930"},"modified":"2018-12-26T13:09:02","modified_gmt":"2018-12-26T12:09:02","slug":"network-vulnerability-scanner","status":"publish","type":"page","link":"https:\/\/www.cactus.de\/?page_id=930","title":{"rendered":"Network Vulnerability Scanner"},"content":{"rendered":"<p>Cactus eSecurity ber\u00e4t Sie gerne beim Einsatz der folgenden Produkte:<\/p>\n<p>&nbsp;<\/p>\n<p><strong><a href=\"http:\/\/www.tenable.com\/de\/\" target=\"_blank\" rel=\"noopener noreferrer\">Tenable<\/a> (Nessus)<\/strong><\/p>\n<p>Das Urgestein der Vulnerability Scanner.<\/p>\n<p>&nbsp;<\/p>\n<p><strong><a href=\"http:\/\/greenbone.net\" target=\"_blank\" rel=\"noopener noreferrer\">Greenbone<\/a><\/strong><\/p>\n<p>Eine Appliance-basierte L\u00f6sung aus Deutschland mit \u00fcber 30.000 Installationen und Integrationen quer durch alle Branchen und Unternehmensgr\u00f6\u00dfen.<\/p>\n","protected":false},"excerpt":{"rendered":"<p>Cactus eSecurity ber\u00e4t Sie gerne beim Einsatz der folgenden Produkte: &nbsp; Tenable (Nessus) Das Urgestein der Vulnerability Scanner. &nbsp; Greenbone Eine Appliance-basierte L\u00f6sung aus Deutschland mit \u00fcber 30.000 Installationen und Integrationen quer durch alle Branchen und Unternehmensgr\u00f6\u00dfen.<\/p>\n","protected":false},"author":1,"featured_media":0,"parent":0,"menu_order":0,"comment_status":"closed","ping_status":"closed","template":"","meta":{"footnotes":""},"aioseo_notices":[],"_links":{"self":[{"href":"https:\/\/www.cactus.de\/index.php?rest_route=\/wp\/v2\/pages\/930"}],"collection":[{"href":"https:\/\/www.cactus.de\/index.php?rest_route=\/wp\/v2\/pages"}],"about":[{"href":"https:\/\/www.cactus.de\/index.php?rest_route=\/wp\/v2\/types\/page"}],"author":[{"embeddable":true,"href":"https:\/\/www.cactus.de\/index.php?rest_route=\/wp\/v2\/users\/1"}],"replies":[{"embeddable":true,"href":"https:\/\/www.cactus.de\/index.php?rest_route=%2Fwp%2Fv2%2Fcomments&post=930"}],"version-history":[{"count":4,"href":"https:\/\/www.cactus.de\/index.php?rest_route=\/wp\/v2\/pages\/930\/revisions"}],"predecessor-version":[{"id":1040,"href":"https:\/\/www.cactus.de\/index.php?rest_route=\/wp\/v2\/pages\/930\/revisions\/1040"}],"wp:attachment":[{"href":"https:\/\/www.cactus.de\/index.php?rest_route=%2Fwp%2Fv2%2Fmedia&parent=930"}],"curies":[{"name":"wp","href":"https:\/\/api.w.org\/{rel}","templated":true}]}}